{"id":873,"date":"2012-12-13T14:57:44","date_gmt":"2012-12-13T15:01:09","guid":{"rendered":"http:\/\/legal-property.com\/?page_id=873"},"modified":"2012-12-13T15:01:09","modified_gmt":"2012-12-13T15:01:09","slug":"aviso-legal-2","status":"publish","type":"page","link":"https:\/\/legal-property.com\/pt-pt\/aviso-legal-2\/","title":{"rendered":"Aviso Legal"},"content":{"rendered":"<p>As informa\u00e7\u00f5es contidas neste site s\u00e3o apenas para fins informativos e n\u00e3o se destinam a serem uma descri\u00e7\u00e3o abrangente, nem serem consideradas como uma forma de aconselhamento jur\u00eddico. Os visitantes deste site que se baseiam em qualquer informa\u00e7\u00e3o apresentada, assumem a sua pr\u00f3pria responsabilidade pelos resultados obtidos. O conte\u00fado deste site n\u00e3o constitui uma reprodu\u00e7\u00e3o exacta das leis em vigor.<br \/>\nLegal-property isenta-se de qualquer responsabilidade em rela\u00e7\u00e3o a a\u00e7\u00f5es tomadas, relacionadas com a utiliza\u00e7\u00e3o de partes ou de todo o conte\u00fado deste site. Legal-property n\u00e3o \u00e9 respons\u00e1vel pelo conte\u00fado de outros sites ligados a este.<\/p>\n<p>&nbsp;<\/p>\n","protected":false},"excerpt":{"rendered":"<p>As informa\u00e7\u00f5es contidas neste site s\u00e3o apenas para fins informativos e n\u00e3o se destinam a serem uma descri\u00e7\u00e3o abrangente, nem serem consideradas como uma forma de aconselhamento jur\u00eddico. Os visitantes deste site que se baseiam em qualquer informa\u00e7\u00e3o apresentada, assumem a sua pr\u00f3pria responsabilidade pelos resultados obtidos. O conte\u00fado deste site n\u00e3o constitui uma reprodu\u00e7\u00e3o &#8230; <a class=\"btn btn-small \" href=\"https:\/\/legal-property.com\/pt-pt\/aviso-legal-2\/\">Read More<\/a><\/p>\n","protected":false},"author":1,"featured_media":0,"parent":0,"menu_order":0,"comment_status":"open","ping_status":"closed","template":"","meta":{"footnotes":""},"class_list":["post-873","page","type-page","status-publish","hentry"],"_links":{"self":[{"href":"https:\/\/legal-property.com\/pt-pt\/wp-json\/wp\/v2\/pages\/873","targetHints":{"allow":["GET"]}}],"collection":[{"href":"https:\/\/legal-property.com\/pt-pt\/wp-json\/wp\/v2\/pages"}],"about":[{"href":"https:\/\/legal-property.com\/pt-pt\/wp-json\/wp\/v2\/types\/page"}],"author":[{"embeddable":true,"href":"https:\/\/legal-property.com\/pt-pt\/wp-json\/wp\/v2\/users\/1"}],"replies":[{"embeddable":true,"href":"https:\/\/legal-property.com\/pt-pt\/wp-json\/wp\/v2\/comments?post=873"}],"version-history":[{"count":1,"href":"https:\/\/legal-property.com\/pt-pt\/wp-json\/wp\/v2\/pages\/873\/revisions"}],"predecessor-version":[{"id":874,"href":"https:\/\/legal-property.com\/pt-pt\/wp-json\/wp\/v2\/pages\/873\/revisions\/874"}],"wp:attachment":[{"href":"https:\/\/legal-property.com\/pt-pt\/wp-json\/wp\/v2\/media?parent=873"}],"curies":[{"name":"wp","href":"https:\/\/api.w.org\/{rel}","templated":true}]}}