{"id":181,"date":"2012-09-28T02:13:20","date_gmt":"2012-09-18T16:37:30","guid":{"rendered":"http:\/\/legal-property.com\/?page_id=181"},"modified":"2012-09-23T18:34:14","modified_gmt":"2012-09-23T18:34:14","slug":"sobre-o-website-legal-property-com","status":"publish","type":"page","link":"https:\/\/legal-property.com\/pt-pt\/sobre-o-website-legal-property-com\/","title":{"rendered":"Sobre o website legal-property.com"},"content":{"rendered":"<p>Investir num pa\u00eds estrangeiro nem sempre \u00e9 f\u00e1cil.<\/p>\n<p><strong><\/strong>Transa\u00e7\u00f5es imobili\u00e1rias podem aparentar ser erroneamente simples, no entanto, por vezes desencadeiam um procedimento complicado o qual pode levar a um desastre financeiro.<\/p>\n<p>Um aparente min\u00fasculo defeito, um erro de c\u00e1lculo sobre as consequ\u00eancias fiscais de curto ou de longo prazo de um neg\u00f3cio privado, um requerimento negligenciado ou restri\u00e7\u00f5es no zoneamento ou utiliza\u00e7\u00e3o de um terreno, cada um destes factores poder\u00e1 transformar-se numa potencial cat\u00e1strofe, sem as devidas orienta\u00e7\u00f5es.<\/p>\n<p>Entendemos o impacto devastador das falhas nas transa\u00e7\u00f5es imobili\u00e1rias e sabemos como ajudar.<\/p>\n<p><strong><\/strong>Este <em>site<\/em> oferece orienta\u00e7\u00e3o para ajudar a minimizar os riscos com as transa\u00e7\u00f5es imobili\u00e1rias, em diferentes \u00e1reas.<\/p>\n<p>Para o efeito conta com a colabora\u00e7\u00e3o de um conjunto de profissionais (economistas, juristas, arquitectos, engenheiros, gestores) proficientes e com vasta experi\u00eancia na mat\u00e9ria.<\/p>\n","protected":false},"excerpt":{"rendered":"<p>Investir num pa\u00eds estrangeiro nem sempre \u00e9 f\u00e1cil. Transa\u00e7\u00f5es imobili\u00e1rias podem aparentar ser erroneamente simples, no entanto, por vezes desencadeiam um procedimento complicado o qual pode levar a um desastre financeiro. Um aparente min\u00fasculo defeito, um erro de c\u00e1lculo sobre as consequ\u00eancias fiscais de curto ou de longo prazo de um neg\u00f3cio privado, um requerimento &#8230; <a class=\"btn btn-small \" href=\"https:\/\/legal-property.com\/pt-pt\/sobre-o-website-legal-property-com\/\">Read More<\/a><\/p>\n","protected":false},"author":1,"featured_media":0,"parent":0,"menu_order":0,"comment_status":"open","ping_status":"open","template":"","meta":{"footnotes":""},"class_list":["post-181","page","type-page","status-publish","hentry"],"_links":{"self":[{"href":"https:\/\/legal-property.com\/pt-pt\/wp-json\/wp\/v2\/pages\/181","targetHints":{"allow":["GET"]}}],"collection":[{"href":"https:\/\/legal-property.com\/pt-pt\/wp-json\/wp\/v2\/pages"}],"about":[{"href":"https:\/\/legal-property.com\/pt-pt\/wp-json\/wp\/v2\/types\/page"}],"author":[{"embeddable":true,"href":"https:\/\/legal-property.com\/pt-pt\/wp-json\/wp\/v2\/users\/1"}],"replies":[{"embeddable":true,"href":"https:\/\/legal-property.com\/pt-pt\/wp-json\/wp\/v2\/comments?post=181"}],"version-history":[{"count":3,"href":"https:\/\/legal-property.com\/pt-pt\/wp-json\/wp\/v2\/pages\/181\/revisions"}],"predecessor-version":[{"id":247,"href":"https:\/\/legal-property.com\/pt-pt\/wp-json\/wp\/v2\/pages\/181\/revisions\/247"}],"wp:attachment":[{"href":"https:\/\/legal-property.com\/pt-pt\/wp-json\/wp\/v2\/media?parent=181"}],"curies":[{"name":"wp","href":"https:\/\/api.w.org\/{rel}","templated":true}]}}