{"id":1423,"date":"2012-12-13T14:57:44","date_gmt":"2012-12-13T14:57:44","guid":{"rendered":"http:\/\/legal-property.com\/avertissement-legal\/"},"modified":"2012-12-13T14:57:44","modified_gmt":"2012-12-13T14:57:44","slug":"avertissement-legal","status":"publish","type":"page","link":"https:\/\/legal-property.com\/fr\/avertissement-legal\/","title":{"rendered":"Avertissement L\u00e9gal"},"content":{"rendered":"<p style=\"text-align: justify;\">Les informations contenues dans ce Website sont \u00a0fournies uniquement \u00e0 titre informatif et ne pr\u00e9tendent pas \u00eatre une description exhaustive, ainsi qu\u2019elles ne peuvent \u00eatre interpr\u00e9t\u00e9es comme des conseils juridiques quel que soit le sujet. Le contenu de ce site peut ne pas refl\u00e9ter les d\u00e9veloppements, les verdicts ou les\u00a0r\u00e8glements\u00a0juridiques actuels.<\/p>\n<p style=\"text-align: justify;\">\n<p>Les visiteurs de ce site qui se basent sur ces renseignements le font \u00e0 leur propre d\u00e9pend.<br \/>\nLegal Property d\u00e9cline express\u00e9ment toute responsabilit\u00e9 en ce qui concerne les mesures prises ou non, se basant sur tous les contenus ou en partie de ce Website.<\/p>\n<p>Legal Property n\u2019assume aucune responsabilit\u00e9 sur le contenu d\u2019autres pages web qui pourraient \u00eatre li\u00e9es \u00e0 celle-ci.<\/p>\n<p>&nbsp;<\/p>\n","protected":false},"excerpt":{"rendered":"<p>Les informations contenues dans ce Website sont \u00a0fournies uniquement \u00e0 titre informatif et ne pr\u00e9tendent pas \u00eatre une description exhaustive, ainsi qu\u2019elles ne peuvent \u00eatre interpr\u00e9t\u00e9es comme des conseils juridiques quel que soit le sujet. Le contenu de ce site peut ne pas refl\u00e9ter les d\u00e9veloppements, les verdicts ou les\u00a0r\u00e8glements\u00a0juridiques actuels. Les visiteurs de ce &#8230; <a class=\"btn btn-small \" href=\"https:\/\/legal-property.com\/fr\/avertissement-legal\/\">Read More<\/a><\/p>\n","protected":false},"author":1,"featured_media":0,"parent":0,"menu_order":0,"comment_status":"open","ping_status":"closed","template":"","meta":{"footnotes":""},"class_list":["post-1423","page","type-page","status-publish","hentry"],"_links":{"self":[{"href":"https:\/\/legal-property.com\/fr\/wp-json\/wp\/v2\/pages\/1423","targetHints":{"allow":["GET"]}}],"collection":[{"href":"https:\/\/legal-property.com\/fr\/wp-json\/wp\/v2\/pages"}],"about":[{"href":"https:\/\/legal-property.com\/fr\/wp-json\/wp\/v2\/types\/page"}],"author":[{"embeddable":true,"href":"https:\/\/legal-property.com\/fr\/wp-json\/wp\/v2\/users\/1"}],"replies":[{"embeddable":true,"href":"https:\/\/legal-property.com\/fr\/wp-json\/wp\/v2\/comments?post=1423"}],"version-history":[{"count":0,"href":"https:\/\/legal-property.com\/fr\/wp-json\/wp\/v2\/pages\/1423\/revisions"}],"wp:attachment":[{"href":"https:\/\/legal-property.com\/fr\/wp-json\/wp\/v2\/media?parent=1423"}],"curies":[{"name":"wp","href":"https:\/\/api.w.org\/{rel}","templated":true}]}}