{"id":1368,"date":"2012-09-28T02:13:20","date_gmt":"2012-09-28T02:13:20","guid":{"rendered":"http:\/\/legal-property.com\/sur-le-website-legal-property-com\/"},"modified":"2014-12-03T12:43:03","modified_gmt":"2014-12-03T12:43:03","slug":"sur-le-website-legal-property-com","status":"publish","type":"page","link":"https:\/\/legal-property.com\/fr\/sur-le-website-legal-property-com\/","title":{"rendered":"Sur le website legal-property.com"},"content":{"rendered":"<p style=\"text-align: justify;\">Investir \u00e0 l&rsquo;\u00e9tranger n&rsquo;est pas toujours facile.<\/p>\n<p style=\"text-align: justify;\">Les transactions immobili\u00e8res peuvent apparaitre \u00e0 tort simples, mais parfois, celles-ci entrainent une proc\u00e9dure compliqu\u00e9e qui peut conduire \u00e0 un desastre financier.<\/p>\n<p style=\"text-align: justify;\">Un petit d\u00e9faut jug\u00e9 sans importance, une erreur de calcul sur les cons\u00e9quences fiscales\u00a0\u00e0 court et long terme d&rsquo;une n\u00e9gociation priv\u00e9e, une demande mal r\u00e9dig\u00e9e ou des restrictions de zonage ou d&rsquo;utilisation d&rsquo;un terrain; chacun de ces facteurs peut devenir une cat\u00e1strophe potentielle, sans une bonne orientation.<\/p>\n<p style=\"text-align: justify;\">Nous comprenons l&rsquo;impact d\u00e9vastateur des \u00e9checs de transactions immobili\u00e8res et nous savons comment aider.<\/p>\n<p style=\"text-align: justify;\">Ce site fournit des conseils\u00a0afin de\u00a0minimiser les risques sur les transactions immobili\u00e8res , et ceci dans plusieurs domaines.<\/p>\n<p style=\"text-align: justify;\">Pour cel\u00e0, vous avez l&rsquo;appui d&rsquo;un groupe de professionnels (\u00e9conomistes, avocats, architectes, ing\u00e9nieurs, gestionnaires) comp\u00e9tents et ayant une grande exp\u00e9rience du sujet.<\/p>\n","protected":false},"excerpt":{"rendered":"<p>Investir \u00e0 l&rsquo;\u00e9tranger n&rsquo;est pas toujours facile. Les transactions immobili\u00e8res peuvent apparaitre \u00e0 tort simples, mais parfois, celles-ci entrainent une proc\u00e9dure compliqu\u00e9e qui peut conduire \u00e0 un desastre financier. Un petit d\u00e9faut jug\u00e9 sans importance, une erreur de calcul sur les cons\u00e9quences fiscales\u00a0\u00e0 court et long terme d&rsquo;une n\u00e9gociation priv\u00e9e, une demande mal r\u00e9dig\u00e9e ou &#8230; <a class=\"btn btn-small \" href=\"https:\/\/legal-property.com\/fr\/sur-le-website-legal-property-com\/\">Read More<\/a><\/p>\n","protected":false},"author":1,"featured_media":0,"parent":0,"menu_order":0,"comment_status":"open","ping_status":"open","template":"","meta":{"footnotes":""},"class_list":["post-1368","page","type-page","status-publish","hentry"],"_links":{"self":[{"href":"https:\/\/legal-property.com\/fr\/wp-json\/wp\/v2\/pages\/1368","targetHints":{"allow":["GET"]}}],"collection":[{"href":"https:\/\/legal-property.com\/fr\/wp-json\/wp\/v2\/pages"}],"about":[{"href":"https:\/\/legal-property.com\/fr\/wp-json\/wp\/v2\/types\/page"}],"author":[{"embeddable":true,"href":"https:\/\/legal-property.com\/fr\/wp-json\/wp\/v2\/users\/1"}],"replies":[{"embeddable":true,"href":"https:\/\/legal-property.com\/fr\/wp-json\/wp\/v2\/comments?post=1368"}],"version-history":[{"count":3,"href":"https:\/\/legal-property.com\/fr\/wp-json\/wp\/v2\/pages\/1368\/revisions"}],"predecessor-version":[{"id":1371,"href":"https:\/\/legal-property.com\/fr\/wp-json\/wp\/v2\/pages\/1368\/revisions\/1371"}],"wp:attachment":[{"href":"https:\/\/legal-property.com\/fr\/wp-json\/wp\/v2\/media?parent=1368"}],"curies":[{"name":"wp","href":"https:\/\/api.w.org\/{rel}","templated":true}]}}