{"id":869,"date":"2012-12-13T14:57:44","date_gmt":"2012-12-13T14:59:34","guid":{"rendered":"http:\/\/legal-property.com\/?page_id=869"},"modified":"2012-12-13T14:59:34","modified_gmt":"2012-12-13T14:59:34","slug":"haftungsausschluss","status":"publish","type":"page","link":"https:\/\/legal-property.com\/de\/haftungsausschluss\/","title":{"rendered":"Haftungsausschluss"},"content":{"rendered":"<p>Die auf dieser Website enthaltenen Informationen dienen nur zu allgemeinen Informationszwecken und sollen weder eine umfassende Beschreibung darstellen, noch als irgendeine Form der Rechtsberatung gelten. Besucher dieser Website, die sich auf die gestellten Informationen verlassen, tun dies auf eigene Gefahr. Der Inhalt dieser Webseite gilt nicht als Wiedergabe der aktuellen rechtlichen Lage oder Gesetzen.<br \/>\nLegal-property lehnt ausdr\u00fccklich jegliche Haftung in Bezug auf ergriffene Ma\u00dfnahmen ab, die mit dem Gebrauch von Teilen oder dem gesamten Inhalt dieser Website zusammenh\u00e4ngen. Legal-property ist ebenfalls nicht verantwortlich f\u00fcr den Inhalt anderer Seiten, die mit dieser verkn\u00fcpft sind.<\/p>\n","protected":false},"excerpt":{"rendered":"<p>Die auf dieser Website enthaltenen Informationen dienen nur zu allgemeinen Informationszwecken und sollen weder eine umfassende Beschreibung darstellen, noch als irgendeine Form der Rechtsberatung gelten. Besucher dieser Website, die sich auf die gestellten Informationen verlassen, tun dies auf eigene Gefahr. Der Inhalt dieser Webseite gilt nicht als Wiedergabe der aktuellen rechtlichen Lage oder Gesetzen. Legal-property &#8230; <a class=\"btn btn-small \" href=\"https:\/\/legal-property.com\/de\/haftungsausschluss\/\">Read More<\/a><\/p>\n","protected":false},"author":1,"featured_media":0,"parent":0,"menu_order":0,"comment_status":"open","ping_status":"closed","template":"","meta":{"footnotes":""},"class_list":["post-869","page","type-page","status-publish","hentry"],"_links":{"self":[{"href":"https:\/\/legal-property.com\/de\/wp-json\/wp\/v2\/pages\/869","targetHints":{"allow":["GET"]}}],"collection":[{"href":"https:\/\/legal-property.com\/de\/wp-json\/wp\/v2\/pages"}],"about":[{"href":"https:\/\/legal-property.com\/de\/wp-json\/wp\/v2\/types\/page"}],"author":[{"embeddable":true,"href":"https:\/\/legal-property.com\/de\/wp-json\/wp\/v2\/users\/1"}],"replies":[{"embeddable":true,"href":"https:\/\/legal-property.com\/de\/wp-json\/wp\/v2\/comments?post=869"}],"version-history":[{"count":1,"href":"https:\/\/legal-property.com\/de\/wp-json\/wp\/v2\/pages\/869\/revisions"}],"predecessor-version":[{"id":872,"href":"https:\/\/legal-property.com\/de\/wp-json\/wp\/v2\/pages\/869\/revisions\/872"}],"wp:attachment":[{"href":"https:\/\/legal-property.com\/de\/wp-json\/wp\/v2\/media?parent=869"}],"curies":[{"name":"wp","href":"https:\/\/api.w.org\/{rel}","templated":true}]}}