{"id":864,"date":"2012-09-28T02:13:20","date_gmt":"2012-12-13T14:27:05","guid":{"rendered":"http:\/\/legal-property.com\/?page_id=864"},"modified":"2012-12-13T15:11:54","modified_gmt":"2012-12-13T15:11:54","slug":"tt","status":"publish","type":"page","link":"https:\/\/legal-property.com\/de\/tt\/","title":{"rendered":"\u00dcber die Webseite legal-property.com"},"content":{"rendered":"<p lang=\"de-DE\">In einem fremden Land zu investieren verl\u00e4uft nicht immer reibungslos.<\/p>\n<p lang=\"de-DE\">\nImmobilientransaktionen k\u00f6nnen irrt\u00fcmlicherweise einfach erscheinen, und dennoch ein kompliziertes Verfahren ausl\u00f6sen, das ohne Fachwissen zu einer finanziellen Katastrophe f\u00fchren kann.<\/p>\n<p lang=\"de-DE\">Ein scheinbar kleiner Fehler bei der Berechnung der lang-oder kurzfristigen steuerlichen Folgen eines Privatunternehmens, Vernachl\u00e4ssigung wichtiger Bedingungen oder auftretende Einschr\u00e4nkungen der Fl\u00e4chennutzung k\u00f6nnen, ohne die richtige Orientierung, zu einem unwiderruflichen Verlust f\u00fchren.<\/p>\n<p lang=\"de-DE\">\n<p lang=\"de-DE\">Wir verstehen die verheerenden Auswirkungen von Fehlern bei Immobilientransaktionen und wissen zu helfen.<\/p>\n<p lang=\"de-DE\">\nDiese Website bietet Orientierung zur Minimierung der Risiken in verschiedenen Bereichen der Immobilientransaktionen und beruht auf die Zusammenarbeit einer Gruppe kompetenter Fachleute (\u00d6konomen, Juristen, Architekten, Ingenieure, Manager) mit langj\u00e4hriger Erfahrung.<\/p>\n","protected":false},"excerpt":{"rendered":"<p>In einem fremden Land zu investieren verl\u00e4uft nicht immer reibungslos. Immobilientransaktionen k\u00f6nnen irrt\u00fcmlicherweise einfach erscheinen, und dennoch ein kompliziertes Verfahren ausl\u00f6sen, das ohne Fachwissen zu einer finanziellen Katastrophe f\u00fchren kann. Ein scheinbar kleiner Fehler bei der Berechnung der lang-oder kurzfristigen steuerlichen Folgen eines Privatunternehmens, Vernachl\u00e4ssigung wichtiger Bedingungen oder auftretende Einschr\u00e4nkungen der Fl\u00e4chennutzung k\u00f6nnen, ohne die &#8230; <a class=\"btn btn-small \" href=\"https:\/\/legal-property.com\/de\/tt\/\">Read More<\/a><\/p>\n","protected":false},"author":1,"featured_media":0,"parent":0,"menu_order":0,"comment_status":"open","ping_status":"open","template":"","meta":{"footnotes":""},"class_list":["post-864","page","type-page","status-publish","hentry"],"_links":{"self":[{"href":"https:\/\/legal-property.com\/de\/wp-json\/wp\/v2\/pages\/864","targetHints":{"allow":["GET"]}}],"collection":[{"href":"https:\/\/legal-property.com\/de\/wp-json\/wp\/v2\/pages"}],"about":[{"href":"https:\/\/legal-property.com\/de\/wp-json\/wp\/v2\/types\/page"}],"author":[{"embeddable":true,"href":"https:\/\/legal-property.com\/de\/wp-json\/wp\/v2\/users\/1"}],"replies":[{"embeddable":true,"href":"https:\/\/legal-property.com\/de\/wp-json\/wp\/v2\/comments?post=864"}],"version-history":[{"count":3,"href":"https:\/\/legal-property.com\/de\/wp-json\/wp\/v2\/pages\/864\/revisions"}],"predecessor-version":[{"id":866,"href":"https:\/\/legal-property.com\/de\/wp-json\/wp\/v2\/pages\/864\/revisions\/866"}],"wp:attachment":[{"href":"https:\/\/legal-property.com\/de\/wp-json\/wp\/v2\/media?parent=864"}],"curies":[{"name":"wp","href":"https:\/\/api.w.org\/{rel}","templated":true}]}}